{"id":1285,"date":"2022-04-28T08:11:03","date_gmt":"2022-04-28T08:11:03","guid":{"rendered":"http:\/\/demo.amytheme.com\/movie\/demo\/elementor-single-cinema\/?page_id=84"},"modified":"2025-09-18T16:36:02","modified_gmt":"2025-09-18T16:36:02","slug":"home-2","status":"publish","type":"page","link":"https:\/\/filmclubcannes.net\/","title":{"rendered":"Accueil"},"content":{"rendered":"\t\t<div data-elementor-type=\"wp-page\" data-elementor-id=\"1285\" class=\"elementor elementor-1285\">\n\t\t\t\t\t\t<section class=\"elementor-section elementor-top-section elementor-element elementor-element-98e4d16 elementor-section-full_width elementor-section-height-full elementor-section-height-default elementor-section-items-middle\" data-id=\"98e4d16\" data-element_type=\"section\" data-settings=\"{&quot;background_background&quot;:&quot;classic&quot;}\">\n\t\t\t\t\t\t<div class=\"elementor-container elementor-column-gap-narrow\">\n\t\t\t\t\t<div class=\"elementor-column elementor-col-50 elementor-top-column elementor-element elementor-element-7ef0634\" data-id=\"7ef0634\" data-element_type=\"column\">\n\t\t\t<div class=\"elementor-widget-wrap elementor-element-populated\">\n\t\t\t\t\t\t<div class=\"elementor-element elementor-element-ce50c88 elementor-widget-tablet__width-initial elementor-widget elementor-widget-text-editor\" data-id=\"ce50c88\" data-element_type=\"widget\" data-widget_type=\"text-editor.default\">\n\t\t\t\t<div class=\"elementor-widget-container\">\n\t\t\t\t\t\t\t\t\t<div class=\"amy-widget-content\"><div class=\"amy-text-block\"><h1 class=\"title\"><span class=\"hight-light\">Prochainement<\/span><\/h1><p class=\"subtitle\"><span style=\"color: #00ccff;\">\u00e0 la Licorne, aux Arcades, <\/span><\/p><p class=\"subtitle\"><span style=\"color: #00ccff;\">au Cin\u00e9um, au Miramar, \u00a0<\/span><\/p><p class=\"subtitle\"><span style=\"color: #00ccff;\">\u00e0 <\/span><span style=\"color: #00ccff;\">l&rsquo;Olympia, \u00e0 C&rsquo;Picaud\u00a0<\/span><\/p><p class=\"wr-button\"><a class=\"button\" href=\"https:\/\/www.helloasso.com\/associations\/film-club-de-cannes\/adhesions\/adhesion-film-club-de-cannes-saison-2025-2026\" target=\"_blank\" rel=\"noopener\">Adh\u00e9sion<\/a><\/p><p class=\"wr-button\">\u00a0<\/p><\/div><\/div>\t\t\t\t\t\t\t\t<\/div>\n\t\t\t\t<\/div>\n\t\t\t\t\t<\/div>\n\t\t<\/div>\n\t\t\t\t<div class=\"elementor-column elementor-col-50 elementor-top-column elementor-element elementor-element-36be4a4\" data-id=\"36be4a4\" data-element_type=\"column\">\n\t\t\t<div class=\"elementor-widget-wrap elementor-element-populated\">\n\t\t\t\t\t\t<div class=\"elementor-element elementor-element-4fa87af elementor-widget elementor-widget-Amy_V2_Movie_Carousel_3\" data-id=\"4fa87af\" data-element_type=\"widget\" data-widget_type=\"Amy_V2_Movie_Carousel_3.default\">\n\t\t\t\t<div class=\"elementor-widget-container\">\n\t\t\t\t\t\r\n<div class=\"amy-movie-carousel-3d\">\r\n    <div class=\"amy-movie-list\">\r\n        <div class=\"amy-movie-items\" data-slick='{\"slidesToShow\":1,\"slidesToScroll\":1,\"autoplay\":false,\"prevArrow\": \"<a class=\\\"amy-arrow fa amy-pre fa-chevron-right\\\"><\/a>\",\"nextArrow\": \"<a class=\\\"amy-arrow fa amy-next fa-chevron-left\\\"><\/a>\",\"arrows\":true,\"infinite\":false,\"dots\":true}'>\r\n            <div class=\"amy-movie-item\">\r\n    <div class=\"amy-movie-item-poster\">\r\n        <span class=\"amy-movie-item-button\">\r\n            \r\n            <a class=\"link-detail\" href=\"https:\/\/filmclubcannes.net\/?amy_movie=caravaggios-shadow\">\r\n                <i class=\"fa fa-link\"><\/i>\r\n            <\/a>\r\n        <\/span>\r\n        <img decoding=\"async\" class=\"reflect\" src=\"https:\/\/filmclubcannes.net\/wp-content\/uploads\/2025\/06\/MV5BMjQzNDAzMjItNTk3MS00YmE2LWE1ZjktMmViZTIxZDJkYWJkXkEyXkFqcGc@._V1_SX300-214x368_c.jpg\" alt=\"Caravage\"\/>    <\/div>\r\n<\/div>        <\/div>\r\n    <\/div>\r\n<\/div>\t\t\t\t<\/div>\n\t\t\t\t<\/div>\n\t\t\t\t\t<\/div>\n\t\t<\/div>\n\t\t\t\t\t<\/div>\n\t\t<\/section>\n\t\t<div class=\"elementor-element elementor-element-c987351 e-flex e-con-boxed e-con e-parent\" data-id=\"c987351\" data-element_type=\"container\">\n\t\t\t\t\t<div class=\"e-con-inner\">\n\t\t\t\t<div class=\"elementor-element elementor-element-d88c685 elementor-widget elementor-widget-heading\" data-id=\"d88c685\" data-element_type=\"widget\" data-widget_type=\"heading.default\">\n\t\t\t\t<div class=\"elementor-widget-container\">\n\t\t\t\t\t<h2 class=\"elementor-heading-title elementor-size-default\"><a href=\"https:\/\/www.facebook.com\/\">Suivez notre actualit\u00e9 sur Facebook <\/a><\/h2>\t\t\t\t<\/div>\n\t\t\t\t<\/div>\n\t\t\t\t<div class=\"elementor-element elementor-element-4e3a08b elementor-grid-1 elementor-shape-rounded e-grid-align-center elementor-widget elementor-widget-social-icons\" data-id=\"4e3a08b\" data-element_type=\"widget\" data-widget_type=\"social-icons.default\">\n\t\t\t\t<div class=\"elementor-widget-container\">\n\t\t\t\t\t\t\t<div class=\"elementor-social-icons-wrapper elementor-grid\">\n\t\t\t\t\t\t\t<span class=\"elementor-grid-item\">\n\t\t\t\t\t<a class=\"elementor-icon elementor-social-icon elementor-social-icon-facebook elementor-repeater-item-d48164a\" href=\"https:\/\/www.facebook.com\/me\/\" target=\"_blank\">\n\t\t\t\t\t\t<span class=\"elementor-screen-only\">Facebook<\/span>\n\t\t\t\t\t\t<svg class=\"e-font-icon-svg e-fab-facebook\" viewBox=\"0 0 512 512\" xmlns=\"http:\/\/www.w3.org\/2000\/svg\"><path d=\"M504 256C504 119 393 8 256 8S8 119 8 256c0 123.78 90.69 226.38 209.25 245V327.69h-63V256h63v-54.64c0-62.15 37-96.48 93.67-96.48 27.14 0 55.52 4.84 55.52 4.84v61h-31.28c-30.8 0-40.41 19.12-40.41 38.73V256h68.78l-11 71.69h-57.78V501C413.31 482.38 504 379.78 504 256z\"><\/path><\/svg>\t\t\t\t\t<\/a>\n\t\t\t\t<\/span>\n\t\t\t\t\t<\/div>\n\t\t\t\t\t\t<\/div>\n\t\t\t\t<\/div>\n\t\t\t\t\t<\/div>\n\t\t\t\t<\/div>\n\t\t\t\t<section class=\"elementor-section elementor-top-section elementor-element elementor-element-cb3c150 elementor-section-full_width elementor-section-height-default elementor-section-height-default\" data-id=\"cb3c150\" data-element_type=\"section\">\n\t\t\t\t\t\t<div class=\"elementor-container elementor-column-gap-default\">\n\t\t\t\t\t<div class=\"elementor-column elementor-col-100 elementor-top-column elementor-element elementor-element-b30b734\" data-id=\"b30b734\" data-element_type=\"column\">\n\t\t\t<div class=\"elementor-widget-wrap elementor-element-populated\">\n\t\t\t\t\t\t<div class=\"elementor-element elementor-element-fb2e931 elementor-widget elementor-widget-Amy_V2_Movie_Heading\" data-id=\"fb2e931\" data-element_type=\"widget\" data-widget_type=\"Amy_V2_Movie_Heading.default\">\n\t\t\t\t<div class=\"elementor-widget-container\">\n\t\t\t\t\t<div class=\"amy-heading text-center has-seperator    seperator-1 \"><header class=\"entry-header\"><span class=\"seperator seperator-left\" ><\/span><h2 class=\"title-heading\"><span class=\"title\">Program<\/span><span class=\"title-highlight\">mation<\/span><\/h2><span class=\"seperator seperator-right\" ><\/span><\/header><div class=\"subtitle-heading\"><p>Saison 2025 - 2026<\/p><\/div><\/div>\t\t\t\t<\/div>\n\t\t\t\t<\/div>\n\t\t\t\t\t<\/div>\n\t\t<\/div>\n\t\t\t\t\t<\/div>\n\t\t<\/section>\n\t\t<div class=\"elementor-element elementor-element-5f32d87 e-flex e-con-boxed e-con e-parent\" data-id=\"5f32d87\" data-element_type=\"container\">\n\t\t\t\t\t<div class=\"e-con-inner\">\n\t\t\t\t<div class=\"elementor-element elementor-element-44036db elementor-widget elementor-widget-Amy_V2_Movie_Showtime_4\" data-id=\"44036db\" data-element_type=\"widget\" data-widget_type=\"Amy_V2_Movie_Showtime_4.default\">\n\t\t\t\t<div class=\"elementor-widget-container\">\n\t\t\t\t\t\r\n<div class=\"amy-movie-layout-list amy-movie-showtimews-daily-2 \">\r\n    <div class=\"amy-movie-list\">\r\n        <div class=\"amy-movie-items\">\r\n            <div class=\"amy-movie-item row\">\r\n    <div class=\"amy-movie-item-inner col-md-9 col-sm-8\">\r\n        <div class=\"amy-movie-item-front\">\r\n            <div class=\"amy-movie-item-poster\">\r\n                <a href=\"https:\/\/filmclubcannes.net\/?amy_movie=caravaggios-shadow\">\n<img decoding=\"async\" class=\"\" src=\"https:\/\/filmclubcannes.net\/wp-content\/uploads\/2025\/06\/MV5BMjQzNDAzMjItNTk3MS00YmE2LWE1ZjktMmViZTIxZDJkYWJkXkEyXkFqcGc@._V1_SX300-196x294_c.jpg\" alt=\"Caravage\"\/>\n<\/a>            <\/div>\r\n        <\/div>\r\n\r\n        <div class=\"amy-movie-item-back\">\r\n            <div class=\"amy-movie-item-back-inner\">\r\n                <div class=\"amy-movie-item-content\">\r\n                    \r\n                                            <h3 class=\"amy-movie-field-title\"><a href=\"https:\/\/filmclubcannes.net\/?amy_movie=caravaggios-shadow\">Caravage<\/a><\/h3>                    \r\n                    \r\n                    <div class=\"amy-movie-item-meta\">\r\n                        \r\n                                                    <span class=\"amy-movie-field-duration\"><i class=\"fa fa-clock-o\"><\/i>02 heures 00 minutes<\/span>                                            <\/div>\r\n\r\n                                            <div class=\"amy-movie-field-desc\"><p>Italie 1609. Accus\u00e9 de meurtre, Le Caravage a fui Rome et s\u2019est r\u00e9fugi\u00e9 \u00e0 Naples. Soutenu ...<\/p><\/div>                    \r\n                    <div class=\"amy-movie-custom-field-group amy-movie-field-language\">\n<label class=\"amy-movie-custom-field-label\">Langues:<\/label>\n<div class=\"amy-movie-custom-field-content\">\nItalien, fran\u00e7ais, anglais, latin\n<\/div>\n<\/div>\n<div class=\"amy-movie-custom-field-group amy-movie-field-release_date\">\n<label class=\"amy-movie-custom-field-label\">Date de sortie:<\/label>\n<div class=\"amy-movie-custom-field-content\">\n3 novembre 2022\n<\/div>\n<\/div>\n<div class=\"amy-movie-custom-field-group amy-movie-field-salle\">\n<\/div>\n<div class=\"amy-movie-custom-field-group amy-movie-field-date\">\n<\/div>\n<div class=\"amy-movie-custom-field-group amy-movie-field-horaire\">\n<\/div>\n<div class=\"amy-movie-custom-field-group amy-movie-field-amy_genre\">\n<label class=\"amy-movie-custom-field-label\">Genre:<\/label>\n<div class=\"amy-movie-custom-field-content\">\n<a href=\"https:\/\/filmclubcannes.net\/?amy_genre=drama\">Drame<\/a>, <a href=\"https:\/\/filmclubcannes.net\/?amy_genre=history\">Historique<\/a>\n<\/div>\n<\/div>\n<div class=\"amy-movie-custom-field-group amy-movie-field-amy_actor\">\n<label class=\"amy-movie-custom-field-label\">Acteur:<\/label>\n<div class=\"amy-movie-custom-field-content\">\n<a href=\"https:\/\/filmclubcannes.net\/?amy_actor=riccardo-scamarcio\">Riccardo Scamarcio<\/a>, <a href=\"https:\/\/filmclubcannes.net\/?amy_actor=louis-garrel\">Louis Garrel<\/a>, <a href=\"https:\/\/filmclubcannes.net\/?amy_actor=isabelle-huppert\">Isabelle Huppert<\/a>\n<\/div>\n<\/div>\n<div class=\"amy-movie-custom-field-group amy-movie-field-amy_director\">\n<label class=\"amy-movie-custom-field-label\">R\u00e9alisateur:<\/label>\n<div class=\"amy-movie-custom-field-content\">\n<a href=\"https:\/\/filmclubcannes.net\/?amy_director=michele-placido\">Michele Placido<\/a>\n<\/div>\n<\/div>                <\/div>\r\n\r\n                <div class=\"amy-movie-item-button\">\r\n                    <a href=\"https:\/\/www.youtube.com\/embed\/dwMZGiN0J3E\" class=\"amy-btn-icon-text link-detail fancybox.iframe amy-fancybox\">\n<i class=\"fa fa-play\"><\/i>Bande Annonce<\/a>\n<a class=\"amy-btn-icon-text link-detail\" href=\"https:\/\/filmclubcannes.net\/?amy_movie=caravaggios-shadow\">\n<i class=\"fa fa-info\"><\/i>Synopsis<\/a>                <\/div>\r\n            <\/div>\r\n        <\/div>\r\n    <\/div>\r\n\r\n    <div class=\"col-md-3 col-sm-4 amy-movie-item-showtimes\">\r\n        <div class=\"amy-movie-item-showtimes-inner\">\r\n            <h3 class=\"showtimes-title\">\r\n                S\u00e9ance             <\/h3>\r\n            <select name=\"timelist\" class=\"timelist\" data-movie=\"1865\">\n<option value=\"06\/04\/2026\">4 juin 2026<\/option>\n<\/select>\n<div class=\"amy-movie-item-time-list\">\n<span class=\"intro-time\">Miramar - 19h30<\/span>\n<\/div>        <\/div>\r\n    <\/div>\r\n<\/div>        <\/div>\r\n    <\/div>\r\n<\/div>\t\t\t\t<\/div>\n\t\t\t\t<\/div>\n\t\t\t\t\t<\/div>\n\t\t\t\t<\/div>\n\t\t\t\t<\/div>\n\t\t","protected":false},"excerpt":{"rendered":"<p>Prochainement \u00e0 la Licorne, aux Arcades, au Cin\u00e9um, au Miramar, \u00a0 \u00e0 l&rsquo;Olympia, \u00e0 C&rsquo;Picaud\u00a0 Adh\u00e9sion \u00a0 \u00ab\u00a0,\u00a0\u00bbnextArrow\u00a0\u00bb: \u00ab\u00a0\u00ab\u00a0,\u00a0\u00bbarrows\u00a0\u00bb:true,\u00a0\u00bbinfinite\u00a0\u00bb:false,\u00a0\u00bbdots\u00a0\u00bb:true}&rsquo;> ArrayArray Suivez notre actualit\u00e9 sur Facebook Facebook Programmation Saison 2025 &#8211; 2026 ArrayArray Baby Face 01 heures 11 minutes En pleine Prohibition, Liliane \u201cBaby Face\u201d Powers est serveuse dans le speakeasy miteux d\u2019une ville-usine. Son &#8230; [&hellip;]<\/p>\n","protected":false},"author":1,"featured_media":0,"parent":0,"menu_order":0,"comment_status":"closed","ping_status":"closed","template":"elementor_header_footer","meta":{"footnotes":""},"_links":{"self":[{"href":"https:\/\/filmclubcannes.net\/index.php?rest_route=\/wp\/v2\/pages\/1285"}],"collection":[{"href":"https:\/\/filmclubcannes.net\/index.php?rest_route=\/wp\/v2\/pages"}],"about":[{"href":"https:\/\/filmclubcannes.net\/index.php?rest_route=\/wp\/v2\/types\/page"}],"author":[{"embeddable":true,"href":"https:\/\/filmclubcannes.net\/index.php?rest_route=\/wp\/v2\/users\/1"}],"replies":[{"embeddable":true,"href":"https:\/\/filmclubcannes.net\/index.php?rest_route=%2Fwp%2Fv2%2Fcomments&post=1285"}],"version-history":[{"count":79,"href":"https:\/\/filmclubcannes.net\/index.php?rest_route=\/wp\/v2\/pages\/1285\/revisions"}],"predecessor-version":[{"id":1926,"href":"https:\/\/filmclubcannes.net\/index.php?rest_route=\/wp\/v2\/pages\/1285\/revisions\/1926"}],"wp:attachment":[{"href":"https:\/\/filmclubcannes.net\/index.php?rest_route=%2Fwp%2Fv2%2Fmedia&parent=1285"}],"curies":[{"name":"wp","href":"https:\/\/api.w.org\/{rel}","templated":true}]}}